{"id":50,"date":"2024-01-15T21:42:05","date_gmt":"2024-01-15T20:42:05","guid":{"rendered":"https:\/\/ecodomaineduharel.net\/?page_id=50"},"modified":"2024-01-15T22:07:48","modified_gmt":"2024-01-15T21:07:48","slug":"accueil","status":"publish","type":"page","link":"https:\/\/ecodomaineduharel.net\/","title":{"rendered":"R\u00e9servez votre Gite \/ Calvados \/ Normandie"},"content":{"rendered":"<div class=\"vce-row-container\" data-vce-boxed-width=\"true\"><div class=\"vce-row vce-row--col-gap-30 vce-row-equal-height vce-row-content--top\" id=\"el-d967fc66\" data-vce-do-apply=\"all el-d967fc66\"><div class=\"vce-row-content\" data-vce-element-content=\"true\"><div class=\"vce-col vce-col--md-auto vce-col--xs-1 vce-col--xs-last vce-col--xs-first vce-col--sm-last vce-col--sm-first vce-col--md-last vce-col--lg-last vce-col--xl-last vce-col--md-first vce-col--lg-first vce-col--xl-first\" id=\"el-08d5e4ee\"><div class=\"vce-col-inner\" data-vce-do-apply=\"border margin background  el-08d5e4ee\"><div class=\"vce-col-content\" data-vce-element-content=\"true\" data-vce-do-apply=\"padding el-08d5e4ee\"><div class=\"vce-image-gallery vce-image-gallery--gap-0 vce-image-gallery--columns-7\"><div class=\"vce-image-gallery-wrapper vce\" id=\"el-c95a4bd1\" data-vce-do-apply=\"all el-c95a4bd1\"><div class=\"vce-image-gallery-list\"><div class=\"vce-image-gallery-item\"><figure class=\"vce-image-gallery-item-inner-wrapper\"><a href=\"https:\/\/ecodomaineduharel.net\/wp-content\/uploads\/2024\/01\/IMG20210618192556-1.jpg\" data-lightbox=\"lightbox-c95a4bd1\" class=\"vce-image-gallery-item-inner\"><img decoding=\"async\" class=\"vce-image-gallery-img\" src=\"https:\/\/ecodomaineduharel.net\/wp-content\/uploads\/2024\/01\/IMG20210618192556-1.jpg\" alt=\"\" title=\"IMG20210618192556\"><\/a><\/figure><\/div><div class=\"vce-image-gallery-item\"><figure class=\"vce-image-gallery-item-inner-wrapper\"><a href=\"https:\/\/ecodomaineduharel.net\/wp-content\/uploads\/2024\/01\/075D738B-8582-4115-AD1A-ACEEDC998E66-scaled.jpeg\" data-lightbox=\"lightbox-c95a4bd1\" class=\"vce-image-gallery-item-inner\"><img decoding=\"async\" class=\"vce-image-gallery-img vce-image-gallery-img--orientation-portrait\" src=\"https:\/\/ecodomaineduharel.net\/wp-content\/uploads\/2024\/01\/075D738B-8582-4115-AD1A-ACEEDC998E66-768x1024.jpeg\" alt=\"\" title=\"075D738B-8582-4115-AD1A-ACEEEDC998E66\"><\/a><\/figure><\/div><div class=\"vce-image-gallery-item\"><figure class=\"vce-image-gallery-item-inner-wrapper\"><a href=\"https:\/\/ecodomaineduharel.net\/wp-content\/uploads\/2024\/01\/C600E1A0-4128-4D1D-81F9-C9A78C2BA296-scaled.jpeg\" data-lightbox=\"lightbox-c95a4bd1\" class=\"vce-image-gallery-item-inner\"><img decoding=\"async\" class=\"vce-image-gallery-img\" src=\"https:\/\/ecodomaineduharel.net\/wp-content\/uploads\/2024\/01\/C600E1A0-4128-4D1D-81F9-C9A78C2BA296-1024x768.jpeg\" alt=\"\" title=\"C600E1A0-4128-4D1D-81F9-C9A78C2BA296\"><\/a><\/figure><\/div><div class=\"vce-image-gallery-item\"><figure class=\"vce-image-gallery-item-inner-wrapper\"><a href=\"https:\/\/ecodomaineduharel.net\/wp-content\/uploads\/2024\/01\/0AE28BCB-B321-494B-AE9C-57E32A81B500-scaled.jpeg\" data-lightbox=\"lightbox-c95a4bd1\" class=\"vce-image-gallery-item-inner\"><img decoding=\"async\" class=\"vce-image-gallery-img\" src=\"https:\/\/ecodomaineduharel.net\/wp-content\/uploads\/2024\/01\/0AE28BCB-B321-494B-AE9C-57E32A81B500-1024x768.jpeg\" alt=\"\" title=\"0AE28BCB-B321-494B-AE9C-57E32A81B500\"><\/a><\/figure><\/div><div class=\"vce-image-gallery-item\"><figure class=\"vce-image-gallery-item-inner-wrapper\"><a href=\"https:\/\/ecodomaineduharel.net\/wp-content\/uploads\/2024\/01\/BA962827-CC0C-4400-8623-67D1E027F691-scaled.jpeg\" data-lightbox=\"lightbox-c95a4bd1\" class=\"vce-image-gallery-item-inner\"><img decoding=\"async\" class=\"vce-image-gallery-img vce-image-gallery-img--orientation-portrait\" src=\"https:\/\/ecodomaineduharel.net\/wp-content\/uploads\/2024\/01\/BA962827-CC0C-4400-8623-67D1E027F691-768x1024.jpeg\" alt=\"\" title=\"BA962827-CC0C-4400-8623-67D1E027F691\"><\/a><\/figure><\/div><div class=\"vce-image-gallery-item\"><figure class=\"vce-image-gallery-item-inner-wrapper\"><a href=\"https:\/\/ecodomaineduharel.net\/wp-content\/uploads\/2024\/01\/AED67128-9F3A-4631-8524-294BC68C17E6-scaled.jpeg\" data-lightbox=\"lightbox-c95a4bd1\" class=\"vce-image-gallery-item-inner\"><img decoding=\"async\" class=\"vce-image-gallery-img vce-image-gallery-img--orientation-portrait\" src=\"https:\/\/ecodomaineduharel.net\/wp-content\/uploads\/2024\/01\/AED67128-9F3A-4631-8524-294BC68C17E6-768x1024.jpeg\" alt=\"\" title=\"AED67128-9F3A-4631-8524-294BC68C17E6\"><\/a><\/figure><\/div><div class=\"vce-image-gallery-item\"><figure class=\"vce-image-gallery-item-inner-wrapper\"><a href=\"https:\/\/ecodomaineduharel.net\/wp-content\/uploads\/2024\/01\/C5F37584-BDA4-4BB9-886A-A11B3DF4D6BE-scaled.jpeg\" data-lightbox=\"lightbox-c95a4bd1\" class=\"vce-image-gallery-item-inner\"><img decoding=\"async\" class=\"vce-image-gallery-img vce-image-gallery-img--orientation-portrait\" src=\"https:\/\/ecodomaineduharel.net\/wp-content\/uploads\/2024\/01\/C5F37584-BDA4-4BB9-886A-A11B3DF4D6BE-768x1024.jpeg\" alt=\"\" title=\"C5F37584-BDA4-4BB9-886A-A11B3DF4D6BE\"><\/a><\/figure><\/div><\/div><\/div><\/div><\/div><\/div><\/div><\/div><\/div><\/div><div class=\"vce-row-container\" data-vce-boxed-width=\"true\"><div class=\"vce-row vce-row--col-gap-30 vce-row-equal-height vce-row-content--top\" id=\"el-837a6f14\" data-vce-do-apply=\"all el-837a6f14\"><div class=\"vce-row-content\" data-vce-element-content=\"true\"><div class=\"vce-col vce-col--md-auto vce-col--xs-1 vce-col--xs-last vce-col--xs-first vce-col--sm-last vce-col--sm-first vce-col--md-last vce-col--lg-last vce-col--xl-last vce-col--md-first vce-col--lg-first vce-col--xl-first\" id=\"el-815f9fe4\"><div class=\"vce-col-inner\" data-vce-do-apply=\"border margin background  el-815f9fe4\"><div class=\"vce-col-content\" data-vce-element-content=\"true\" data-vce-do-apply=\"padding el-815f9fe4\"><div class=\"vce-text-block\"><div class=\"vce-text-block-wrapper vce\" id=\"el-aa4fe600\" data-vce-do-apply=\"all el-aa4fe600\"><h1 style=\"text-align: center;\"><span style=\"font-family: Calligraffitti;\"><span style=\"vertical-align: inherit;\"><span style=\"vertical-align: inherit;\">Ecodomaine du Harel<\/span><\/span><\/span><\/h1><\/div><\/div><\/div><\/div><\/div><\/div><\/div><\/div><div class=\"vce-row-container\" data-vce-boxed-width=\"true\"><div class=\"vce-row vce-row--col-gap-30 vce-row-equal-height vce-row-content--top\" id=\"el-9eb850cb\" data-vce-do-apply=\"all el-9eb850cb\"><div class=\"vce-row-content\" data-vce-element-content=\"true\"><div class=\"vce-col vce-col--md-auto vce-col--xs-1 vce-col--xs-last vce-col--xs-first vce-col--sm-last vce-col--sm-first vce-col--md-first vce-col--lg-first vce-col--xl-first\" id=\"el-6516c299\"><div class=\"vce-col-inner\" data-vce-do-apply=\"border margin background  el-6516c299\"><div class=\"vce-col-content\" data-vce-element-content=\"true\" data-vce-do-apply=\"padding el-6516c299\"><div class=\"vce-button--style-basic-container vce-button--style-basic-container--align-left\"><span class=\"vce-button--style-basic-wrapper vce\" id=\"el-4cfd579e\" data-vce-do-apply=\"margin el-4cfd579e\"><button class=\"vce-button vce-button--style-basic vce-button--style-basic--border-square vce-button--style-basic--size-medium vce-button--style-basic--color-557cbf--fff\" data-vce-do-apply=\"padding border background  el-4cfd579e\"><font style=\"vertical-align: inherit;\"><font style=\"vertical-align: inherit;\">Accueil<\/font><\/font><\/button><\/span><\/div><\/div><\/div><\/div><div class=\"vce-col vce-col--md-auto vce-col--xs-1 vce-col--xs-last vce-col--xs-first vce-col--sm-last vce-col--sm-first\" id=\"el-43085499\"><div class=\"vce-col-inner\" data-vce-do-apply=\"border margin background  el-43085499\"><div class=\"vce-col-content\" data-vce-element-content=\"true\" data-vce-do-apply=\"padding el-43085499\"><div class=\"vce-button--style-basic-container vce-button--style-basic-container--align-left\"><span class=\"vce-button--style-basic-wrapper vce\" id=\"el-a3691678\" data-vce-do-apply=\"margin el-a3691678\"><button class=\"vce-button vce-button--style-basic vce-button--style-basic--border-square vce-button--style-basic--size-medium vce-button--style-basic--color-557cbf--fff\" data-vce-do-apply=\"padding border background  el-a3691678\">Gite APTO<\/button><\/span><\/div><\/div><\/div><\/div><div class=\"vce-col vce-col--md-auto vce-col--xs-1 vce-col--xs-last vce-col--xs-first vce-col--sm-last vce-col--sm-first\" id=\"el-2b31d7ea\"><div class=\"vce-col-inner\" data-vce-do-apply=\"border margin background  el-2b31d7ea\"><div class=\"vce-col-content\" data-vce-element-content=\"true\" data-vce-do-apply=\"padding el-2b31d7ea\"><div class=\"vce-button--style-basic-container vce-button--style-basic-container--align-left\"><span class=\"vce-button--style-basic-wrapper vce\" id=\"el-f5776cde\" data-vce-do-apply=\"margin el-f5776cde\"><button class=\"vce-button vce-button--style-basic vce-button--style-basic--border-square vce-button--style-basic--size-medium vce-button--style-basic--color-557cbf--fff\" data-vce-do-apply=\"padding border background  el-f5776cde\">Gite Cin\u00e9 Room<\/button><\/span><\/div><\/div><\/div><\/div><div class=\"vce-col vce-col--md-auto vce-col--xs-1 vce-col--xs-last vce-col--xs-first vce-col--sm-last vce-col--sm-first vce-col--md-last vce-col--lg-last vce-col--xl-last\" id=\"el-a4406a4c\"><div class=\"vce-col-inner\" data-vce-do-apply=\"border margin background  el-a4406a4c\"><div class=\"vce-col-content\" data-vce-element-content=\"true\" data-vce-do-apply=\"padding el-a4406a4c\"><div class=\"vce-button--style-basic-container vce-button--style-basic-container--align-left\"><span class=\"vce-button--style-basic-wrapper vce\" id=\"el-bf8ff913\" data-vce-do-apply=\"margin el-bf8ff913\"><button class=\"vce-button vce-button--style-basic vce-button--style-basic--border-square vce-button--style-basic--size-medium vce-button--style-basic--color-557cbf--fff\" data-vce-do-apply=\"padding border background  el-bf8ff913\"><font style=\"vertical-align: inherit;\"><font style=\"vertical-align: inherit;\">G\u00eete Club House<\/font><\/font><\/button><\/span><\/div><\/div><\/div><\/div><\/div><\/div><\/div><div class=\"vce-row-container\" data-vce-boxed-width=\"true\"><div class=\"vce-row vce-row--col-gap-30 vce-row-equal-height vce-row-content--top\" id=\"el-75fb32b8\" data-vce-do-apply=\"all el-75fb32b8\"><div class=\"vce-row-content\" data-vce-element-content=\"true\"><div class=\"vce-col vce-col--md-auto vce-col--xs-1 vce-col--xs-last vce-col--xs-first vce-col--sm-last vce-col--sm-first vce-col--md-last vce-col--lg-last vce-col--xl-last vce-col--md-first vce-col--lg-first vce-col--xl-first\" id=\"el-ea215191\"><div class=\"vce-col-inner\" data-vce-do-apply=\"border margin background  el-ea215191\"><div class=\"vce-col-content\" data-vce-element-content=\"true\" data-vce-do-apply=\"padding el-ea215191\"><div class=\"vce-text-block\"><div class=\"vce-text-block-wrapper vce\" id=\"el-5f9a7f53\" data-vce-do-apply=\"all el-5f9a7f53\"><p>Bienvenue sur le site enchanteur de l'Ecodomaine du Harel, nich\u00e9 au c\u0153ur de la belle campagne normande \u00e0 Moult Chicheboville, dans le Calvados (14). \u00c0 seulement 20 minutes du dynamique centre-ville de Caen, notre domaine offre une exp\u00e9rience unique, \u00e0 proximit\u00e9 de la mer (Merville Franceville \u00e0 25 minutes), des plages du d\u00e9barquement (23 minutes) et m\u00eame du majestueux Mont Saint-Michel (1h30).<\/p><p>Notre domaine, abrit\u00e9 dans un ancien corps de ferme en cours de restauration, se dresse fi\u00e8rement \u00e0 l'entr\u00e9e du village, offrant une atmosph\u00e8re chaleureuse et authentique. Entour\u00e9 par les \u00e9tendues pr\u00e9serv\u00e9es des marais alcalins de Chicheboville-Bellengreville, class\u00e9s sur 154 hectares en tant que site Natura 2000, l'Ecodomaine du Harel vous invite \u00e0 une immersion totale dans la nature.<\/p><p>Que vous recherchiez une escapade paisible en pleine nature, une d\u00e9couverte des richesses historiques des plages du d\u00e9barquement, ou encore une vir\u00e9e vivifiante en bord de mer, notre emplacement privil\u00e9gi\u00e9 vous offre un acc\u00e8s facile \u00e0 une vari\u00e9t\u00e9 d'exp\u00e9riences inoubliables.<\/p><p>D\u00e9couvrez nos g\u00eetes soigneusement am\u00e9nag\u00e9s, o\u00f9 le charme rustique rencontre le confort moderne. Chaque h\u00e9bergement a \u00e9t\u00e9 pens\u00e9 pour vous offrir un cocon accueillant, loin du tumulte quotidien. L'Ecodomaine du Harel, c'est bien plus qu'un simple lieu de s\u00e9jour, c'est une invitation \u00e0 la d\u00e9couverte, au repos et \u00e0 l'\u00e9merveillement.<\/p><p>Explorez notre site pour en savoir plus sur nos g\u00eetes, les activit\u00e9s locales et les charmes de notre belle r\u00e9gion normande. Nous sommes impatients de vous accueillir et de partager avec vous la magie de l'Ecodomaine du Harel.<\/p><\/div><\/div><\/div><\/div><\/div><\/div><\/div><\/div>\n","protected":false},"excerpt":{"rendered":"<p>Ecodomaine du HarelAccueilGite APTOGite Cin\u00e9 RoomG\u00eete Club HouseBienvenue sur le site enchanteur de l&rsquo;Ecodomaine du Harel, nich\u00e9 au c\u0153ur de la belle campagne normande \u00e0 Moult Chicheboville, dans le Calvados (14). \u00c0 seulement 20 minutes du dynamique centre-ville de Caen, notre domaine offre une exp\u00e9rience unique, \u00e0 proximit\u00e9 de la mer (Merville Franceville \u00e0 25&#8230;<\/p>\n","protected":false},"author":1,"featured_media":0,"parent":0,"menu_order":0,"comment_status":"closed","ping_status":"closed","template":"","meta":{"om_disable_all_campaigns":false,"_monsterinsights_skip_tracking":false,"_monsterinsights_sitenote_active":false,"_monsterinsights_sitenote_note":"","_monsterinsights_sitenote_category":0,"_kadence_starter_templates_imported_post":false,"_kad_post_transparent":"default","_kad_post_title":"default","_kad_post_layout":"default","_kad_post_sidebar_id":"","_kad_post_content_style":"default","_kad_post_vertical_padding":"default","_kad_post_feature":"","_kad_post_feature_position":"","_kad_post_header":false,"_kad_post_footer":false,"footnotes":""},"aioseo_notices":[],"_links":{"self":[{"href":"https:\/\/ecodomaineduharel.net\/index.php\/wp-json\/wp\/v2\/pages\/50"}],"collection":[{"href":"https:\/\/ecodomaineduharel.net\/index.php\/wp-json\/wp\/v2\/pages"}],"about":[{"href":"https:\/\/ecodomaineduharel.net\/index.php\/wp-json\/wp\/v2\/types\/page"}],"author":[{"embeddable":true,"href":"https:\/\/ecodomaineduharel.net\/index.php\/wp-json\/wp\/v2\/users\/1"}],"replies":[{"embeddable":true,"href":"https:\/\/ecodomaineduharel.net\/index.php\/wp-json\/wp\/v2\/comments?post=50"}],"version-history":[{"count":4,"href":"https:\/\/ecodomaineduharel.net\/index.php\/wp-json\/wp\/v2\/pages\/50\/revisions"}],"predecessor-version":[{"id":57,"href":"https:\/\/ecodomaineduharel.net\/index.php\/wp-json\/wp\/v2\/pages\/50\/revisions\/57"}],"wp:attachment":[{"href":"https:\/\/ecodomaineduharel.net\/index.php\/wp-json\/wp\/v2\/media?parent=50"}],"curies":[{"name":"wp","href":"https:\/\/api.w.org\/{rel}","templated":true}]}}